{"id":1493,"date":"2020-12-29T14:23:27","date_gmt":"2020-12-29T14:23:27","guid":{"rendered":"http:\/\/dev.jatstudio.com\/gt2\/beatriz-queipo"},"modified":"2020-12-29T14:23:27","modified_gmt":"2020-12-29T14:23:27","slug":"beatriz-queipo","status":"publish","type":"page","link":"https:\/\/dev.jatstudio.com\/en\/gt2\/beatriz-queipo","title":{"rendered":"Beatriz Queipo"},"content":{"rendered":"\t\t<div data-elementor-type=\"wp-page\" data-elementor-id=\"1493\" class=\"elementor elementor-1493 elementor-1488\">\n\t\t\t\t\t\t\t\t\t<section class=\"elementor-section elementor-inner-section elementor-element elementor-element-659ca8ca elementor-section-full_width elementor-section-height-default elementor-section-height-default\" data-id=\"659ca8ca\" data-element_type=\"section\">\n\t\t\t\t\t\t<div class=\"elementor-container elementor-column-gap-default\">\n\t\t\t\t\t<div class=\"elementor-column elementor-col-50 elementor-inner-column elementor-element elementor-element-3b65b89d\" data-id=\"3b65b89d\" data-element_type=\"column\">\n\t\t\t<div class=\"elementor-widget-wrap elementor-element-populated\">\n\t\t\t\t\t\t\t\t<div class=\"elementor-element elementor-element-21f896e elementor-widget elementor-widget-image\" data-id=\"21f896e\" data-element_type=\"widget\" data-widget_type=\"image.default\">\n\t\t\t\t<div class=\"elementor-widget-container\">\n\t\t\t\t\t\t\t\t\t\t\t\t\t\t\t<img src=\"https:\/\/dev.jatstudio.com\/wp-content\/uploads\/elementor\/thumbs\/Foto_Beatriz-Queipo-qy0xq2wgwma297bc9x9iyzeb2o2gb5iuci9arzsjt8.jpg\" title=\"Foto_Beatriz Queipo\" alt=\"Foto_Beatriz Queipo\" class=\"elementor-animation-float\" loading=\"lazy\" \/>\t\t\t\t\t\t\t\t\t\t\t\t\t\t\t<\/div>\n\t\t\t\t<\/div>\n\t\t\t\t\t<\/div>\n\t\t<\/div>\n\t\t\t\t<div class=\"elementor-column elementor-col-50 elementor-inner-column elementor-element elementor-element-3b1b54f5\" data-id=\"3b1b54f5\" data-element_type=\"column\">\n\t\t\t<div class=\"elementor-widget-wrap elementor-element-populated\">\n\t\t\t\t\t\t\t\t<div class=\"elementor-element elementor-element-1dc6f15b elementor-widget elementor-widget-heading\" data-id=\"1dc6f15b\" data-element_type=\"widget\" data-widget_type=\"heading.default\">\n\t\t\t\t<div class=\"elementor-widget-container\">\n\t\t\t<h2 class=\"elementor-heading-title elementor-size-default\">beatriz queipo L\u00d3PEZ<br><\/h2>\t\t<\/div>\n\t\t\t\t<\/div>\n\t\t\t\t<div class=\"elementor-element elementor-element-491b3483 elementor-widget elementor-widget-heading\" data-id=\"491b3483\" data-element_type=\"widget\" data-widget_type=\"heading.default\">\n\t\t\t\t<div class=\"elementor-widget-container\">\n\t\t\t<h2 class=\"elementor-heading-title elementor-size-default\">PhD Student<\/h2>\t\t<\/div>\n\t\t\t\t<\/div>\n\t\t\t\t<div class=\"elementor-element elementor-element-4b61433b elementor-widget elementor-widget-text-editor\" data-id=\"4b61433b\" data-element_type=\"widget\" data-widget_type=\"text-editor.default\">\n\t\t\t\t<div class=\"elementor-widget-container\">\n\t\t\t\t\t\t\t<p>M.Sc. Molecular Biomedicine, Universidad Aut\u00f3noma de Madrid<br \/>\nB.Sc. Biochemistry, Universidad Aut\u00f3noma de Madrid.<\/p>\n\t\t\t\t\t\t<\/div>\n\t\t\t\t<\/div>\n\t\t\t\t<div class=\"elementor-element elementor-element-2ecf9e2d elementor-widget elementor-widget-text-editor\" data-id=\"2ecf9e2d\" data-element_type=\"widget\" data-widget_type=\"text-editor.default\">\n\t\t\t\t<div class=\"elementor-widget-container\">\n\t\t\t\t\t\t\t<p>Beatriz joined the Neuroprotective Strategies in Neurodegenerative Diseases group as a PhD student in December 2020, as part of the Doctorate Programme in Molecular Biosciences (Neuroscience specialty). The main objective of her thesis is the identification of drugs that reduce inflammation and oxidative markers through the activation of the Nrf2 transcription factor. In order to do so, she will evaluate different \u03b2-TRcP inhibitors in wild type and knock-in mouse models of Nrf2.<\/p>\n\t\t\t\t\t\t<\/div>\n\t\t\t\t<\/div>\n\t\t\t\t\t<\/div>\n\t\t<\/div>\n\t\t\t\t\t\t\t<\/div>\n\t\t<\/section>\n\t\t\t\t\t\t\t<\/div>\n\t\t","protected":false},"excerpt":{"rendered":"<p>beatriz queipo L\u00d3PEZ PhD Student M.Sc. Molecular Biomedicine, Universidad Aut\u00f3noma de Madrid B.Sc. Biochemistry, Universidad Aut\u00f3noma de Madrid. Beatriz joined the Neuroprotective Strategies in Neurodegenerative Diseases group as a PhD student in December 2020, as part of the Doctorate Programme in Molecular Biosciences (Neuroscience specialty). The main objective of her thesis is the identification of &#8230; <a title=\"Beatriz Queipo\" class=\"read-more\" href=\"https:\/\/dev.jatstudio.com\/en\/gt2\/beatriz-queipo\">Read more <span class=\"screen-reader-text\">Beatriz Queipo<\/span><\/a><\/p>\n","protected":false},"author":1,"featured_media":0,"parent":716,"menu_order":0,"comment_status":"closed","ping_status":"closed","template":"","meta":[],"acf":[],"_links":{"self":[{"href":"https:\/\/dev.jatstudio.com\/en\/wp-json\/wp\/v2\/pages\/1493"}],"collection":[{"href":"https:\/\/dev.jatstudio.com\/en\/wp-json\/wp\/v2\/pages"}],"about":[{"href":"https:\/\/dev.jatstudio.com\/en\/wp-json\/wp\/v2\/types\/page"}],"author":[{"embeddable":true,"href":"https:\/\/dev.jatstudio.com\/en\/wp-json\/wp\/v2\/users\/1"}],"replies":[{"embeddable":true,"href":"https:\/\/dev.jatstudio.com\/en\/wp-json\/wp\/v2\/comments?post=1493"}],"version-history":[{"count":1,"href":"https:\/\/dev.jatstudio.com\/en\/wp-json\/wp\/v2\/pages\/1493\/revisions"}],"predecessor-version":[{"id":1494,"href":"https:\/\/dev.jatstudio.com\/en\/wp-json\/wp\/v2\/pages\/1493\/revisions\/1494"}],"up":[{"embeddable":true,"href":"https:\/\/dev.jatstudio.com\/en\/wp-json\/wp\/v2\/pages\/716"}],"wp:attachment":[{"href":"https:\/\/dev.jatstudio.com\/en\/wp-json\/wp\/v2\/media?parent=1493"}],"curies":[{"name":"wp","href":"https:\/\/api.w.org\/{rel}","templated":true}]}}