{"id":1470,"date":"2020-12-28T21:28:46","date_gmt":"2020-12-28T21:28:46","guid":{"rendered":"http:\/\/dev.jatstudio.com\/gt1\/elisa-rodriguez"},"modified":"2024-06-28T16:51:20","modified_gmt":"2024-06-28T15:51:20","slug":"elisa-rodriguez","status":"publish","type":"page","link":"https:\/\/dev.jatstudio.com\/en\/gt1\/elisa-rodriguez","title":{"rendered":"Elisa Rodr\u00edguez"},"content":{"rendered":"\t\t<div data-elementor-type=\"wp-page\" data-elementor-id=\"1470\" class=\"elementor elementor-1470 elementor-1464\">\n\t\t\t\t\t\t\t\t\t<section class=\"elementor-section elementor-inner-section elementor-element elementor-element-73d1d38b elementor-section-full_width elementor-section-height-default elementor-section-height-default\" data-id=\"73d1d38b\" data-element_type=\"section\">\n\t\t\t\t\t\t<div class=\"elementor-container elementor-column-gap-default\">\n\t\t\t\t\t<div class=\"elementor-column elementor-col-50 elementor-inner-column elementor-element elementor-element-5e185cae\" data-id=\"5e185cae\" data-element_type=\"column\">\n\t\t\t<div class=\"elementor-widget-wrap elementor-element-populated\">\n\t\t\t\t\t\t\t\t<div class=\"elementor-element elementor-element-33eb29e elementor-widget elementor-widget-image\" data-id=\"33eb29e\" data-element_type=\"widget\" data-widget_type=\"image.default\">\n\t\t\t\t<div class=\"elementor-widget-container\">\n\t\t\t\t\t\t\t\t\t\t\t\t\t\t\t<img width=\"688\" height=\"1024\" src=\"https:\/\/dev.jatstudio.com\/wp-content\/uploads\/2020\/12\/IMG-20200305-WA00195055-688x1024.jpg\" class=\"attachment-large size-large wp-image-1466\" alt=\"\" loading=\"lazy\" srcset=\"https:\/\/dev.jatstudio.com\/wp-content\/uploads\/2020\/12\/IMG-20200305-WA00195055-688x1024.jpg 688w, https:\/\/dev.jatstudio.com\/wp-content\/uploads\/2020\/12\/IMG-20200305-WA00195055-201x300.jpg 201w, https:\/\/dev.jatstudio.com\/wp-content\/uploads\/2020\/12\/IMG-20200305-WA00195055-768x1144.jpg 768w, https:\/\/dev.jatstudio.com\/wp-content\/uploads\/2020\/12\/IMG-20200305-WA00195055-1031x1536.jpg 1031w, https:\/\/dev.jatstudio.com\/wp-content\/uploads\/2020\/12\/IMG-20200305-WA00195055.jpg 1057w\" sizes=\"(max-width: 688px) 100vw, 688px\" \/>\t\t\t\t\t\t\t\t\t\t\t\t\t\t\t<\/div>\n\t\t\t\t<\/div>\n\t\t\t\t\t<\/div>\n\t\t<\/div>\n\t\t\t\t<div class=\"elementor-column elementor-col-50 elementor-inner-column elementor-element elementor-element-73e2deda\" data-id=\"73e2deda\" data-element_type=\"column\">\n\t\t\t<div class=\"elementor-widget-wrap elementor-element-populated\">\n\t\t\t\t\t\t\t\t<div class=\"elementor-element elementor-element-3351be20 elementor-widget elementor-widget-heading\" data-id=\"3351be20\" data-element_type=\"widget\" data-widget_type=\"heading.default\">\n\t\t\t\t<div class=\"elementor-widget-container\">\n\t\t\t<h2 class=\"elementor-heading-title elementor-size-default\">Elisa Rodr\u00edguez ortega<\/h2>\t\t<\/div>\n\t\t\t\t<\/div>\n\t\t\t\t<div class=\"elementor-element elementor-element-9c26d5a elementor-widget elementor-widget-heading\" data-id=\"9c26d5a\" data-element_type=\"widget\" data-widget_type=\"heading.default\">\n\t\t\t\t<div class=\"elementor-widget-container\">\n\t\t\t<h2 class=\"elementor-heading-title elementor-size-default\">RESEARCH TEACHING STAFF. ACCREDITED ANECA.<\/h2>\t\t<\/div>\n\t\t\t\t<\/div>\n\t\t\t\t<div class=\"elementor-element elementor-element-8d5ea1f elementor-widget elementor-widget-text-editor\" data-id=\"8d5ea1f\" data-element_type=\"widget\" data-widget_type=\"text-editor.default\">\n\t\t\t\t<div class=\"elementor-widget-container\">\n\t\t\t\t\t\t\tPhD in Health, Psychology and Psychiatry, Universidad de Almer\u00eda.\r\nM.Sc. Mental Health Research, Universidad de Almer\u00eda.\r\nB.Sc. Psychology, Universidad de Almer\u00eda\t\t\t\t\t\t<\/div>\n\t\t\t\t<\/div>\n\t\t\t\t<div class=\"elementor-element elementor-element-f066aee elementor-widget elementor-widget-text-editor\" data-id=\"f066aee\" data-element_type=\"widget\" data-widget_type=\"text-editor.default\">\n\t\t\t\t<div class=\"elementor-widget-container\">\n\t\t\t\t\t\t\tElisa began her research career during her Master\u2019s degree, where she studied the amygdala neuromodulation and its relation to fear memory formation through deep brain stimulation techniques. Afterwards, during her doctoral thesis, she studied the protective and therapeutic role of environmental enrichment in animal models of binge drinking and sucrose, as well as the modulating role of the orexin system in pre-dependent stages of addiction. Currently, Elisa is conducting studies on drug screening for the treatment of neurodegenerative diseases. She is mainly interested in preclinical models and their translation for the study of various diseases, as well as in innovative therapies in health psychology.\r\n\r\n<span style=\"font-weight: 400;\">She currently works as a Research Teaching Staff in national universities.<\/span>\r\n\r\n&nbsp;\r\n\r\n<span style=\"font-weight: 400;\">More information: <\/span><a href=\"http:\/\/linkedin.com\/in\/elisa-rodr\u00edguez-ortega-29a671182\">http:\/\/linkedin.com\/in\/elisa-rodr\u00edguez-ortega-29a671182<\/a>\t\t\t\t\t\t<\/div>\n\t\t\t\t<\/div>\n\t\t\t\t\t<\/div>\n\t\t<\/div>\n\t\t\t\t\t\t\t<\/div>\n\t\t<\/section>\n\t\t\t\t\t\t\t<\/div>\n\t\t","protected":false},"excerpt":{"rendered":"<p>Elisa Rodr\u00edguez ortega RESEARCH TEACHING STAFF. ACCREDITED ANECA. PhD in Health, Psychology and Psychiatry, Universidad de Almer\u00eda. M.Sc. Mental Health Research, Universidad de Almer\u00eda. B.Sc. Psychology, Universidad de Almer\u00edaElisa began her research career during her Master\u2019s degree, where she studied the amygdala neuromodulation and its relation to fear memory formation through deep brain stimulation techniques. &#8230; <a title=\"Elisa Rodr\u00edguez\" class=\"read-more\" href=\"https:\/\/dev.jatstudio.com\/en\/gt1\/elisa-rodriguez\">Read more <span class=\"screen-reader-text\">Elisa Rodr\u00edguez<\/span><\/a><\/p>\n","protected":false},"author":1,"featured_media":0,"parent":488,"menu_order":0,"comment_status":"closed","ping_status":"closed","template":"","meta":[],"acf":[],"_links":{"self":[{"href":"https:\/\/dev.jatstudio.com\/en\/wp-json\/wp\/v2\/pages\/1470"}],"collection":[{"href":"https:\/\/dev.jatstudio.com\/en\/wp-json\/wp\/v2\/pages"}],"about":[{"href":"https:\/\/dev.jatstudio.com\/en\/wp-json\/wp\/v2\/types\/page"}],"author":[{"embeddable":true,"href":"https:\/\/dev.jatstudio.com\/en\/wp-json\/wp\/v2\/users\/1"}],"replies":[{"embeddable":true,"href":"https:\/\/dev.jatstudio.com\/en\/wp-json\/wp\/v2\/comments?post=1470"}],"version-history":[{"count":6,"href":"https:\/\/dev.jatstudio.com\/en\/wp-json\/wp\/v2\/pages\/1470\/revisions"}],"predecessor-version":[{"id":3104,"href":"https:\/\/dev.jatstudio.com\/en\/wp-json\/wp\/v2\/pages\/1470\/revisions\/3104"}],"up":[{"embeddable":true,"href":"https:\/\/dev.jatstudio.com\/en\/wp-json\/wp\/v2\/pages\/488"}],"wp:attachment":[{"href":"https:\/\/dev.jatstudio.com\/en\/wp-json\/wp\/v2\/media?parent=1470"}],"curies":[{"name":"wp","href":"https:\/\/api.w.org\/{rel}","templated":true}]}}