{"id":1183,"date":"2019-08-12T08:48:38","date_gmt":"2019-08-12T08:48:38","guid":{"rendered":"http:\/\/dev.jatstudio.com\/gt3\/lucia-martinez"},"modified":"2019-08-12T09:18:04","modified_gmt":"2019-08-12T09:18:04","slug":"lucia-martinez","status":"publish","type":"page","link":"https:\/\/dev.jatstudio.com\/en\/gt3\/lucia-martinez","title":{"rendered":"Luc\u00eda Mart\u00ednez"},"content":{"rendered":"\t\t<div data-elementor-type=\"wp-post\" data-elementor-id=\"1183\" class=\"elementor elementor-1183 elementor-1177\">\n\t\t\t\t\t\t\t\t\t<section class=\"elementor-section elementor-inner-section elementor-element elementor-element-2ec2dcd9 elementor-section-full_width elementor-section-height-default elementor-section-height-default\" data-id=\"2ec2dcd9\" data-element_type=\"section\">\n\t\t\t\t\t\t<div class=\"elementor-container elementor-column-gap-default\">\n\t\t\t\t\t<div class=\"elementor-column elementor-col-50 elementor-inner-column elementor-element elementor-element-7075ecca\" data-id=\"7075ecca\" data-element_type=\"column\">\n\t\t\t<div class=\"elementor-widget-wrap elementor-element-populated\">\n\t\t\t\t\t\t\t\t<div class=\"elementor-element elementor-element-45265f29 elementor-widget elementor-widget-image\" data-id=\"45265f29\" data-element_type=\"widget\" data-widget_type=\"image.default\">\n\t\t\t\t<div class=\"elementor-widget-container\">\n\t\t\t\t\t\t\t\t\t\t\t\t\t\t\t<img src=\"https:\/\/dev.jatstudio.com\/wp-content\/uploads\/elementor\/thumbs\/Luc\u00eda-Mart\u00ednez-qy0xq1ymps8rxlcpfeuwehmuha733gf40dltaptxzg.jpg\" title=\"Luc\u00eda Mart\u00ednez\" alt=\"Luc\u00eda Mart\u00ednez\" class=\"elementor-animation-float\" loading=\"lazy\" \/>\t\t\t\t\t\t\t\t\t\t\t\t\t\t\t<\/div>\n\t\t\t\t<\/div>\n\t\t\t\t\t<\/div>\n\t\t<\/div>\n\t\t\t\t<div class=\"elementor-column elementor-col-50 elementor-inner-column elementor-element elementor-element-28429808\" data-id=\"28429808\" data-element_type=\"column\">\n\t\t\t<div class=\"elementor-widget-wrap elementor-element-populated\">\n\t\t\t\t\t\t\t\t<div class=\"elementor-element elementor-element-2697953f elementor-widget elementor-widget-heading\" data-id=\"2697953f\" data-element_type=\"widget\" data-widget_type=\"heading.default\">\n\t\t\t\t<div class=\"elementor-widget-container\">\n\t\t\t<h2 class=\"elementor-heading-title elementor-size-default\">Luc\u00eda Mart\u00ednez Saavedra<br><\/h2>\t\t<\/div>\n\t\t\t\t<\/div>\n\t\t\t\t<div class=\"elementor-element elementor-element-732c0001 elementor-widget elementor-widget-heading\" data-id=\"732c0001\" data-element_type=\"widget\" data-widget_type=\"heading.default\">\n\t\t\t\t<div class=\"elementor-widget-container\">\n\t\t\t<h2 class=\"elementor-heading-title elementor-size-default\">PhD Student<\/h2>\t\t<\/div>\n\t\t\t\t<\/div>\n\t\t\t\t<div class=\"elementor-element elementor-element-6fa60b7c elementor-widget elementor-widget-text-editor\" data-id=\"6fa60b7c\" data-element_type=\"widget\" data-widget_type=\"text-editor.default\">\n\t\t\t\t<div class=\"elementor-widget-container\">\n\t\t\t\t\t\t\t<p><em>M.Sc. Drug Discovery, Universidad Complutense de Madrid (UCM), Universidad de Alcal\u00e1 (UAH) and Universidad San Pablo CEU.<\/em><br \/><em>B.Sc. Chemistry, UCM.<\/em><\/p>\t\t\t\t\t\t<\/div>\n\t\t\t\t<\/div>\n\t\t\t\t<div class=\"elementor-element elementor-element-57f3a8b elementor-widget elementor-widget-text-editor\" data-id=\"57f3a8b\" data-element_type=\"widget\" data-widget_type=\"text-editor.default\">\n\t\t\t\t<div class=\"elementor-widget-container\">\n\t\t\t\t\t\t\t<p style=\"text-align: justify;\">Luc\u00eda started as a PhD student in April 2019 in the Neurodrugs Group from the Medical Chemistry Institute (CSIC). Within this project, Lucia works on the design, synthesis and characterization of new non-electrophilic inhibitors of the protein-protein interaction between Keap1 and Nrf2. These compounds will be further subjected to a biological evaluation as potential drugs for the treatment of diseases of the central nervous system, like Alzheimer&#8217;s disease.<\/p>\n\t\t\t\t\t\t<\/div>\n\t\t\t\t<\/div>\n\t\t\t\t\t<\/div>\n\t\t<\/div>\n\t\t\t\t\t\t\t<\/div>\n\t\t<\/section>\n\t\t\t\t\t\t\t<\/div>\n\t\t","protected":false},"excerpt":{"rendered":"<p>Luc\u00eda Mart\u00ednez Saavedra PhD Student M.Sc. Drug Discovery, Universidad Complutense de Madrid (UCM), Universidad de Alcal\u00e1 (UAH) and Universidad San Pablo CEU.B.Sc. Chemistry, UCM. Luc\u00eda started as a PhD student in April 2019 in the Neurodrugs Group from the Medical Chemistry Institute (CSIC). Within this project, Lucia works on the design, synthesis and characterization of &#8230; <a title=\"Luc\u00eda Mart\u00ednez\" class=\"read-more\" href=\"https:\/\/dev.jatstudio.com\/en\/gt3\/lucia-martinez\">Read more <span class=\"screen-reader-text\">Luc\u00eda Mart\u00ednez<\/span><\/a><\/p>\n","protected":false},"author":1,"featured_media":0,"parent":754,"menu_order":0,"comment_status":"closed","ping_status":"closed","template":"","meta":[],"acf":[],"_links":{"self":[{"href":"https:\/\/dev.jatstudio.com\/en\/wp-json\/wp\/v2\/pages\/1183"}],"collection":[{"href":"https:\/\/dev.jatstudio.com\/en\/wp-json\/wp\/v2\/pages"}],"about":[{"href":"https:\/\/dev.jatstudio.com\/en\/wp-json\/wp\/v2\/types\/page"}],"author":[{"embeddable":true,"href":"https:\/\/dev.jatstudio.com\/en\/wp-json\/wp\/v2\/users\/1"}],"replies":[{"embeddable":true,"href":"https:\/\/dev.jatstudio.com\/en\/wp-json\/wp\/v2\/comments?post=1183"}],"version-history":[{"count":5,"href":"https:\/\/dev.jatstudio.com\/en\/wp-json\/wp\/v2\/pages\/1183\/revisions"}],"predecessor-version":[{"id":1190,"href":"https:\/\/dev.jatstudio.com\/en\/wp-json\/wp\/v2\/pages\/1183\/revisions\/1190"}],"up":[{"embeddable":true,"href":"https:\/\/dev.jatstudio.com\/en\/wp-json\/wp\/v2\/pages\/754"}],"wp:attachment":[{"href":"https:\/\/dev.jatstudio.com\/en\/wp-json\/wp\/v2\/media?parent=1183"}],"curies":[{"name":"wp","href":"https:\/\/api.w.org\/{rel}","templated":true}]}}